{"id":3982,"date":"2025-08-26T14:48:26","date_gmt":"2025-08-26T12:48:26","guid":{"rendered":"https:\/\/inta.ordev.es\/sistemas-de-fertirrigacion\/"},"modified":"2025-11-11T17:12:00","modified_gmt":"2025-11-11T16:12:00","slug":"sistemas-de-fertirrigacion","status":"publish","type":"page","link":"https:\/\/inta.ordev.es\/es\/sistemas-de-fertirrigacion\/","title":{"rendered":"Sistemas de fertirrigaci\u00f3n"},"content":{"rendered":"<section class=\"bde-section-3982-100 bde-section\">\n              \n  \n  \n\t\n\n  <div class=\"section-background-overlay\"><\/div>\n\n\n<div class=\"section-container\"><div class=\"bde-div-3982-101 bde-div\" data-entrance=\"slideUp\">\n              \n  \n  \n\t\n\n  <div class=\"section-background-overlay\"><\/div>\n\n\n<h1 class=\"bde-heading-3982-102 bde-heading\">\nSistemas de Fertirrigaci\u00f3n\n<\/h1><div class=\"bde-text-3982-103 bde-text\">\nLogra una precisi\u00f3n total en el riego y la gesti\u00f3n de nutrientes con las soluciones de fertirrigaci\u00f3n y tratamiento de agua de INTA.\n<\/div>\n<\/div><\/div>\n<\/section><section class=\"bde-section-3982-104 bde-section\">\n  \n  \n\t\n\n\n\n<div class=\"section-container\"><div class=\"bde-div-3982-105 bde-div\">\n  \n  \n\t\n\n\n\n<img decoding=\"async\" class=\"bde-image2-3982-106 bde-image2\" src=\"https:\/\/inta.ordev.es\/wp-content\/uploads\/2025\/10\/Ellipse_8.webp\" alt=\"Fondo circulo verde claro\" loading=\"lazy\" sizes=\"(max-width: 163px) 100vw, 163px\" data-entrance=\"slideLeft\"><div class=\"bde-div-3982-107 bde-div\">\n  \n  \n\t\n\n\n\n<h2 class=\"bde-heading-3982-108 bde-heading\" data-entrance=\"slideLeft\">\nOfrecemos las siguientes soluciones\n<\/h2>\n<\/div>\n<\/div><\/div>\n<\/section><section class=\"bde-section-3982-109 bde-section\">\n  \n  \n\t\n\n\n\n<div class=\"section-container\"><img decoding=\"async\" class=\"bde-image2-3982-110 bde-image2\" src=\"https:\/\/inta.ordev.es\/wp-content\/uploads\/2025\/10\/bg-cirlce.webp\" alt=\"Fondo circulo verder oscuro\" loading=\"lazy\" srcset=\"https:\/\/inta.ordev.es\/wp-content\/uploads\/2025\/10\/bg-cirlce.webp 460w, https:\/\/inta.ordev.es\/wp-content\/uploads\/2025\/10\/bg-cirlce-234x300.webp 234w\" sizes=\"(max-width: 460px) 100vw, 460px\" data-entrance=\"slideRight\"><img decoding=\"async\" class=\"bde-image2-3982-111 bde-image2\" src=\"https:\/\/inta.ordev.es\/wp-content\/uploads\/2025\/10\/bg-cirlce.webp\" alt=\"Fondo circulo verder oscuro\" loading=\"lazy\" srcset=\"https:\/\/inta.ordev.es\/wp-content\/uploads\/2025\/10\/bg-cirlce.webp 460w, https:\/\/inta.ordev.es\/wp-content\/uploads\/2025\/10\/bg-cirlce-234x300.webp 234w\" sizes=\"(max-width: 460px) 100vw, 460px\" data-entrance=\"slideLeft\"><div class=\"bde-div-3982-112 bde-div\">\n  \n  \n\t\n\n\n\n<div class=\"bde-div-3982-113 bde-div\">\n  \n  \n\t\n\n\n\n<div class=\"bde-div-3982-114 bde-div\">\n  \n  \n\t\n\n\n\n<a class=\"bde-container-link-3982-115 bde-container-link breakdance-link\" href=\"\/es\/allmix-compact\/\" target=\"_self\" data-type=\"url\">\n  \n  \n\t\n\n\n\n<div class=\"bde-image-box-3982-116 bde-image-box\" data-entrance=\"slideUp\">\n<div class=\"ee-imagebox-image\">\n  <img loading=\"lazy\" decoding=\"async\" class=\"breakdance-image-object\" src=\"https:\/\/inta.ordev.es\/wp-content\/uploads\/2025\/11\/compact-e1762355446781.webp\" width=\"332\" height=\"492\" srcset=\"https:\/\/inta.ordev.es\/wp-content\/uploads\/2025\/11\/compact-e1762355446781.webp 332w, https:\/\/inta.ordev.es\/wp-content\/uploads\/2025\/11\/compact-e1762355446781-202x300.webp 202w\" sizes=\"auto, (max-width: 332px) 100vw, 332px\" alt=\"Compact\">\n<\/div>\n<div class=\"ee-imagebox-content\">\n      <h3 class=\"ee-imagebox-title bde-h3\" >Allmix Compact<\/h3>\n    \n    \n  <\/div>\n\n<\/div>\n\n<\/a>\n<\/div><div class=\"bde-div-3982-117 bde-div\">\n  \n  \n\t\n\n\n\n<a class=\"bde-container-link-3982-118 bde-container-link breakdance-link\" href=\"\/es\/cdn-proflow\/\" target=\"_self\" data-type=\"url\">\n  \n  \n\t\n\n\n\n<div class=\"bde-image-box-3982-119 bde-image-box\" data-entrance=\"slideUp\">\n<div class=\"ee-imagebox-image\">\n  <img loading=\"lazy\" decoding=\"async\" class=\"breakdance-image-object\" src=\"https:\/\/inta.ordev.es\/wp-content\/uploads\/2025\/11\/cdn.webp\" width=\"405\" height=\"607\" srcset=\"https:\/\/inta.ordev.es\/wp-content\/uploads\/2025\/11\/cdn.webp 405w, https:\/\/inta.ordev.es\/wp-content\/uploads\/2025\/11\/cdn-200x300.webp 200w\" sizes=\"auto, (max-width: 405px) 100vw, 405px\" alt=\"CDN\">\n<\/div>\n<div class=\"ee-imagebox-content\">\n      <h3 class=\"ee-imagebox-title bde-h3\" >CDN ProFlow<\/h3>\n    \n    \n  <\/div>\n\n<\/div>\n\n<\/a>\n<\/div><div class=\"bde-div-3982-120 bde-div\">\n  \n  \n\t\n\n\n\n<a class=\"bde-container-link-3982-121 bde-container-link breakdance-link\" href=\"\/es\/reciclaje-y-tratamiento-del-agua\/\" target=\"_self\" data-type=\"url\">\n  \n  \n\t\n\n\n\n<div class=\"bde-image-box-3982-122 bde-image-box\" data-entrance=\"slideUp\">\n<div class=\"ee-imagebox-image\">\n  <img loading=\"lazy\" decoding=\"async\" class=\"breakdance-image-object\" src=\"https:\/\/inta.ordev.es\/wp-content\/uploads\/2025\/10\/icono-water-recycling.webp\" width=\"111\" height=\"109\" sizes=\"auto, (max-width: 111px) 100vw, 111px\">\n<\/div>\n<div class=\"ee-imagebox-content\">\n      <h3 class=\"ee-imagebox-title bde-h3\" >Reciclaje y tratamiento de agua<\/h3>\n    \n    \n  <\/div>\n\n<\/div>\n\n<\/a>\n<\/div><div class=\"bde-div-3982-123 bde-div\">\n  \n  \n\t\n\n\n\n<a class=\"bde-container-link-3982-124 bde-container-link breakdance-link\" href=\"\/es\/control-inteligente-del-drenaje\/\" target=\"_self\" data-type=\"url\">\n  \n  \n\t\n\n\n\n<div class=\"bde-image-box-3982-125 bde-image-box\" data-entrance=\"slideUp\">\n<div class=\"ee-imagebox-image\">\n  <img loading=\"lazy\" decoding=\"async\" class=\"breakdance-image-object\" src=\"https:\/\/inta.ordev.es\/wp-content\/uploads\/2025\/11\/smart-drain-control.webp\" width=\"558\" height=\"208\" srcset=\"https:\/\/inta.ordev.es\/wp-content\/uploads\/2025\/11\/smart-drain-control.webp 558w, https:\/\/inta.ordev.es\/wp-content\/uploads\/2025\/11\/smart-drain-control-300x112.webp 300w\" sizes=\"auto, (max-width: 558px) 100vw, 558px\" alt=\"SMART DRAIN CONTROL\">\n<\/div>\n<div class=\"ee-imagebox-content\">\n      <h3 class=\"ee-imagebox-title bde-h3\" >Control inteligente de drenaje<\/h3>\n    \n    \n  <\/div>\n\n<\/div>\n\n<\/a>\n<\/div><div class=\"bde-div-3982-126 bde-div\">\n  \n  \n\t\n\n\n\n<a class=\"bde-container-link-3982-127 bde-container-link breakdance-link\" href=\"\/es\/control-inalambrico-de-valvulas\/\" target=\"_self\" data-type=\"url\">\n  \n  \n\t\n\n\n\n<div class=\"bde-image-box-3982-128 bde-image-box\" data-entrance=\"slideUp\">\n<div class=\"ee-imagebox-image\">\n  <img loading=\"lazy\" decoding=\"async\" class=\"breakdance-image-object\" src=\"https:\/\/inta.ordev.es\/wp-content\/uploads\/2025\/11\/wireless-valve-control.webp\" width=\"374\" height=\"248\" srcset=\"https:\/\/inta.ordev.es\/wp-content\/uploads\/2025\/11\/wireless-valve-control.webp 374w, https:\/\/inta.ordev.es\/wp-content\/uploads\/2025\/11\/wireless-valve-control-300x199.webp 300w\" sizes=\"auto, (max-width: 374px) 100vw, 374px\" alt=\"WIRELESS VALVE CONTROL\">\n<\/div>\n<div class=\"ee-imagebox-content\">\n      <h3 class=\"ee-imagebox-title bde-h3\" >Control inal\u00e1mbrico de v\u00e1lvulas<\/h3>\n    \n    \n  <\/div>\n\n<\/div>\n\n<\/a>\n<\/div><div class=\"bde-div-3982-129 bde-div\">\n  \n  \n\t\n\n\n\n<a class=\"bde-container-link-3982-130 bde-container-link breakdance-link\" href=\"\/es\/control-de-ce-y-ph\/\" target=\"_self\" data-type=\"url\">\n  \n  \n\t\n\n\n\n<div class=\"bde-image-box-3982-131 bde-image-box\" data-entrance=\"slideUp\">\n<div class=\"ee-imagebox-image\">\n  <img loading=\"lazy\" decoding=\"async\" class=\"breakdance-image-object\" src=\"https:\/\/inta.ordev.es\/wp-content\/uploads\/2025\/10\/icono-controller.webp\" width=\"88\" height=\"123\" sizes=\"auto, (max-width: 88px) 100vw, 88px\" alt=\"Icono EC & PH control\">\n<\/div>\n<div class=\"ee-imagebox-content\">\n      <h3 class=\"ee-imagebox-title bde-h3\" >Control de EC y pH<\/h3>\n    \n    \n  <\/div>\n\n<\/div>\n\n<\/a>\n<\/div>\n<\/div>\n<\/div><\/div>\n<\/section><section class=\"bde-section-3982-154 bde-section\">\n  \n  \n\t\n\n\n\n<div class=\"section-container\"><div class=\"bde-div-3982-155 bde-div\">\n  \n  \n\t\n\n\n\n<img decoding=\"async\" class=\"bde-image2-3982-156 bde-image2\" src=\"https:\/\/inta.ordev.es\/wp-content\/uploads\/2025\/10\/Ellipse_8.webp\" alt=\"Fondo circulo verde claro\" loading=\"lazy\" sizes=\"(max-width: 163px) 100vw, 163px\" data-entrance=\"slideRight\"><div class=\"bde-div-3982-157 bde-div\">\n  \n  \n\t\n\n\n\n<h2 class=\"bde-heading-3982-158 bde-heading\" data-entrance=\"slideRight\">\n\u00bfD\u00f3nde se aplican nuestros sistemas de fertirrigaci\u00f3n?\n<\/h2>\n<\/div>\n<\/div><\/div>\n<\/section><section class=\"bde-section-3982-159 bde-section\">\n  \n  \n\t\n\n\n\n<div class=\"section-container\"><div class=\"bde-div-3982-160 bde-div\">\n  \n  \n\t\n\n\n\n<div class=\"bde-grid-3982-161 bde-grid\">\n  \n  \n\t\n\n\n\n<div class=\"bde-div-3982-162 bde-div\">\n  \n  \n\t\n\n\n\n<div class=\"bde-text-3982-163 bde-text\" data-entrance=\"slideLeft\">\nLos sistemas de fertirrigaci\u00f3n de INTA se utilizan en una amplia variedad de cultivos y entornos productivos, desde invernaderos de alta tecnolog\u00eda hasta plantaciones al aire libre. Nuestra tecnolog\u00eda est\u00e1 dise\u00f1ada para ofrecer control preciso del agua y los fertilizantes, garantizando m\u00e1xima eficiencia, calidad del cultivo y sostenibilidad. Ya sea que cultives hidrop\u00f3nicos, en suelo o en grandes explotaciones agr\u00edcolas, las soluciones INTA se adaptan a tus necesidades con configuraciones personalizables y fiabilidad comprobada.<br><br>Nuestros equipos son la elecci\u00f3n de productores profesionales de hortalizas hidrop\u00f3nicas, berries, frutales y plantas ornamentales, as\u00ed como en viveros, vi\u00f1edos y explotaciones citr\u00edcolas. Gracias a la regulaci\u00f3n precisa de EC y pH, la programaci\u00f3n autom\u00e1tica del riego y el monitoreo en tiempo real, los sistemas INTA aseguran un equilibrio \u00f3ptimo de nutrientes y control de humedad.<br><br>Con m\u00e1s de 25 a\u00f1os de experiencia, la tecnolog\u00eda de INTA impulsa tanto a peque\u00f1as explotaciones agr\u00edcolas como a grandes proyectos internacionales. Nuestro objetivo es siempre el mismo: ayudar a los agricultores y productores a optimizar el uso del agua y los fertilizantes, mejorar la productividad y avanzar hacia una agricultura m\u00e1s sostenible.\n<\/div>\n<\/div><div class=\"bde-div-3982-164 bde-div\">\n  \n  \n\t\n\n\n\n<img decoding=\"async\" class=\"bde-image2-3982-165 bde-image2\" src=\"https:\/\/inta.ordev.es\/wp-content\/uploads\/2025\/10\/Cabezal-de-riego-CDN-EVO-CLIMA-RIEGO-1.webp\" alt=\"Cabezal de riego CDN EVO CLIMA RIEGO\" loading=\"lazy\" srcset=\"https:\/\/inta.ordev.es\/wp-content\/uploads\/2025\/10\/Cabezal-de-riego-CDN-EVO-CLIMA-RIEGO-1.webp 1024w, https:\/\/inta.ordev.es\/wp-content\/uploads\/2025\/10\/Cabezal-de-riego-CDN-EVO-CLIMA-RIEGO-1-300x225.webp 300w, https:\/\/inta.ordev.es\/wp-content\/uploads\/2025\/10\/Cabezal-de-riego-CDN-EVO-CLIMA-RIEGO-1-768x576.webp 768w\" sizes=\"(max-width: 1024px) 100vw, 1024px\" data-entrance=\"slideRight\">\n<\/div>\n<\/div>\n<\/div><img decoding=\"async\" class=\"bde-image2-3982-166 bde-image2\" src=\"https:\/\/inta.ordev.es\/wp-content\/uploads\/2025\/10\/Ellipse_7-1.webp\" alt=\"Fondo circulo verde claro\" loading=\"lazy\" srcset=\"https:\/\/inta.ordev.es\/wp-content\/uploads\/2025\/10\/Ellipse_7-1.webp 540w, https:\/\/inta.ordev.es\/wp-content\/uploads\/2025\/10\/Ellipse_7-1-273x300.webp 273w\" sizes=\"(max-width: 540px) 100vw, 540px\" data-entrance=\"slideLeft\"><\/div>\n<\/section><section class=\"bde-section-3982-167 bde-section\">\n  \n  \n\t\n\n\n\n<div class=\"section-container\"><div class=\"bde-div-3982-168 bde-div\">\n  \n  \n\t\n\n\n\n<div class=\"bde-div-3982-169 bde-div\">\n  \n  \n\t\n\n\n\n<img decoding=\"async\" class=\"bde-image2-3982-170 bde-image2\" src=\"https:\/\/inta.ordev.es\/wp-content\/uploads\/2025\/10\/Ellipse_8.webp\" alt=\"Fondo circulo verde claro\" loading=\"lazy\" sizes=\"(max-width: 163px) 100vw, 163px\" data-entrance=\"slideLeft\"><div class=\"bde-div-3982-171 bde-div\">\n  \n  \n\t\n\n\n\n<h2 class=\"bde-heading-3982-172 bde-heading\" data-entrance=\"slideLeft\">\nNuestros proyectos\n<\/h2>\n<\/div>\n<\/div><div class=\"bde-div-3982-173 bde-div\">\n  \n  \n\t\n\n\n\n<div class=\"bde-post-loop-3982-174 bde-post-loop\" data-entrance=\"slideUp\"><div class=\"bde-loop bde-loop-grid ee-posts ee-posts-grid\">    <article class=\"bde-loop-item ee-post\">\n        <section class=\"bde-section-1547-100-3535-1547-1 bde-section bde-section-1547-100\">\n  \n  \n\t\n\n\n\n<div class=\"section-container\"><div class=\"bde-div-1547-108-3535-1547-1 bde-div bde-div-1547-108\">\n  \n  \n\t\n\n\n\n<a class=\"bde-container-link-1547-113-3535-1547-1 bde-container-link bde-container-link-1547-113 breakdance-link\" href=\"https:\/\/inta.ordev.es\/es\/expo-agroalimentaria-guanajuato-2025\/\" target=\"_self\" data-type=\"url\">\n  \n  \n\t\n\n\n\n<img decoding=\"async\" class=\"bde-image2-1547-101-3535-1547-1 bde-image2 bde-image2-1547-101\" src=\"https:\/\/inta.ordev.es\/wp-content\/uploads\/2025\/10\/expo-agroalimentaria-guanajuato.webp\" loading=\"lazy\" srcset=\"https:\/\/inta.ordev.es\/wp-content\/uploads\/2025\/10\/expo-agroalimentaria-guanajuato.webp 2560w, https:\/\/inta.ordev.es\/wp-content\/uploads\/2025\/10\/expo-agroalimentaria-guanajuato-300x173.webp 300w, https:\/\/inta.ordev.es\/wp-content\/uploads\/2025\/10\/expo-agroalimentaria-guanajuato-1024x592.webp 1024w, https:\/\/inta.ordev.es\/wp-content\/uploads\/2025\/10\/expo-agroalimentaria-guanajuato-768x444.webp 768w, https:\/\/inta.ordev.es\/wp-content\/uploads\/2025\/10\/expo-agroalimentaria-guanajuato-1536x887.webp 1536w, https:\/\/inta.ordev.es\/wp-content\/uploads\/2025\/10\/expo-agroalimentaria-guanajuato-2048x1183.webp 2048w\" sizes=\"(max-width: 2560px) 100vw, 2560px\">\n\n<\/a><div class=\"bde-div-1547-111-3535-1547-1 bde-div bde-div-1547-111\">\n  \n  \n\t\n\n\n\n<div class=\"bde-text-1547-110-3535-1547-1 bde-text bde-text-1547-110\">\nFerias\n<\/div>\n<\/div>\n<\/div><div class=\"bde-div-1547-107-3535-1547-1 bde-div bde-div-1547-107\">\n  \n  \n\t\n\n\n\n<a class=\"bde-container-link-1547-112-3535-1547-1 bde-container-link bde-container-link-1547-112 breakdance-link\" href=\"https:\/\/inta.ordev.es\/es\/expo-agroalimentaria-guanajuato-2025\/\" target=\"_self\" data-type=\"url\">\n  \n  \n\t\n\n\n\n<h3 class=\"bde-heading-1547-102-3535-1547-1 bde-heading bde-heading-1547-102\">\nExpo AgroAlimentaria...\n<\/h3>\n\n<\/a><div class=\"bde-text-1547-103-3535-1547-1 bde-text bde-text-1547-103\">\nEntre el 11 y el 14 de noviembre de 2025, Irapuato (Guanajuato, M\u00e9xico) se convertir\u00e1 nuevamente en el epicentro de la i...\n<\/div><div class=\"bde-div-1547-106-3535-1547-1 bde-div bde-div-1547-106\">\n  \n  \n\t\n\n\n\n<div class=\"bde-icon-1547-105-3535-1547-1 bde-icon bde-icon-1547-105\">\n\n    \n                    \n            \n            \n\n    \n    \n    \n    \n    \n    <a class=\"breakdance-link bde-icon-icon breakdance-icon-atom\" href=\"https:\/\/inta.ordev.es\/es\/expo-agroalimentaria-guanajuato-2025\/\" target=\"_self\" data-type=\"url\"  >\n\n    \n                    <svg xmlns=\"http:\/\/www.w3.org\/2000\/svg\" viewBox=\"0 0 448 512\"><!--! Font Awesome Free 6.5.1 by @fontawesome - https:\/\/fontawesome.com License - https:\/\/fontawesome.com\/license\/free (Icons: CC BY 4.0, Fonts: SIL OFL 1.1, Code: MIT License) Copyright 2023 Fonticons, Inc. --><path d=\"M256 80c0-17.7-14.3-32-32-32s-32 14.3-32 32V224H48c-17.7 0-32 14.3-32 32s14.3 32 32 32H192V432c0 17.7 14.3 32 32 32s32-14.3 32-32V288H400c17.7 0 32-14.3 32-32s-14.3-32-32-32H256V80z\"\/><\/svg>\n        \n        \n        \n                <\/a>\n\n    \n\n\n<\/div><div class=\"bde-text-1547-104-3535-1547-1 bde-text bde-text-1547-104\">\n13 de noviembre de 2025\n<\/div>\n<\/div>\n<\/div><\/div>\n<\/section>    <\/article>\n    <article class=\"bde-loop-item ee-post\">\n        <section class=\"bde-section-1547-100-4277-1547-1 bde-section bde-section-1547-100\">\n  \n  \n\t\n\n\n\n<div class=\"section-container\"><div class=\"bde-div-1547-108-4277-1547-1 bde-div bde-div-1547-108\">\n  \n  \n\t\n\n\n\n<a class=\"bde-container-link-1547-113-4277-1547-1 bde-container-link bde-container-link-1547-113 breakdance-link\" href=\"https:\/\/inta.ordev.es\/es\/greenhouse-automation-systems\/\" target=\"_self\" data-type=\"url\">\n  \n  \n\t\n\n\n\n<img decoding=\"async\" class=\"bde-image2-1547-101-4277-1547-1 bde-image2 bde-image2-1547-101\" src=\"https:\/\/inta.ordev.es\/wp-content\/uploads\/2025\/10\/AUXPROTEC-3.webp\" alt=\"AUXPROTEC\" loading=\"lazy\" srcset=\"https:\/\/inta.ordev.es\/wp-content\/uploads\/2025\/10\/AUXPROTEC-3.webp 1024w, https:\/\/inta.ordev.es\/wp-content\/uploads\/2025\/10\/AUXPROTEC-3-300x225.webp 300w, https:\/\/inta.ordev.es\/wp-content\/uploads\/2025\/10\/AUXPROTEC-3-768x576.webp 768w\" sizes=\"(max-width: 1024px) 100vw, 1024px\">\n\n<\/a><div class=\"bde-div-1547-111-4277-1547-1 bde-div bde-div-1547-111\">\n  \n  \n\t\n\n\n\n<div class=\"bde-text-1547-110-4277-1547-1 bde-text bde-text-1547-110\">\nEventos\n<\/div>\n<\/div>\n<\/div><div class=\"bde-div-1547-107-4277-1547-1 bde-div bde-div-1547-107\">\n  \n  \n\t\n\n\n\n<a class=\"bde-container-link-1547-112-4277-1547-1 bde-container-link bde-container-link-1547-112 breakdance-link\" href=\"https:\/\/inta.ordev.es\/es\/greenhouse-automation-systems\/\" target=\"_self\" data-type=\"url\">\n  \n  \n\t\n\n\n\n<h3 class=\"bde-heading-1547-102-4277-1547-1 bde-heading bde-heading-1547-102\">\nGreenhouse Automatio...\n<\/h3>\n\n<\/a><div class=\"bde-text-1547-103-4277-1547-1 bde-text bde-text-1547-103\">\nLa agricultura moderna exige cada vez m\u00e1s eficiencia, precisi\u00f3n y sostenibilidad. En este contexto, los greenhouse autom...\n<\/div><div class=\"bde-div-1547-106-4277-1547-1 bde-div bde-div-1547-106\">\n  \n  \n\t\n\n\n\n<div class=\"bde-icon-1547-105-4277-1547-1 bde-icon bde-icon-1547-105\">\n\n    \n                    \n            \n            \n\n    \n    \n    \n    \n    \n    <a class=\"breakdance-link bde-icon-icon breakdance-icon-atom\" href=\"https:\/\/inta.ordev.es\/es\/greenhouse-automation-systems\/\" target=\"_self\" data-type=\"url\"  >\n\n    \n                    <svg xmlns=\"http:\/\/www.w3.org\/2000\/svg\" viewBox=\"0 0 448 512\"><!--! Font Awesome Free 6.5.1 by @fontawesome - https:\/\/fontawesome.com License - https:\/\/fontawesome.com\/license\/free (Icons: CC BY 4.0, Fonts: SIL OFL 1.1, Code: MIT License) Copyright 2023 Fonticons, Inc. --><path d=\"M256 80c0-17.7-14.3-32-32-32s-32 14.3-32 32V224H48c-17.7 0-32 14.3-32 32s14.3 32 32 32H192V432c0 17.7 14.3 32 32 32s32-14.3 32-32V288H400c17.7 0 32-14.3 32-32s-14.3-32-32-32H256V80z\"\/><\/svg>\n        \n        \n        \n                <\/a>\n\n    \n\n\n<\/div><div class=\"bde-text-1547-104-4277-1547-1 bde-text bde-text-1547-104\">\n13 de noviembre de 2025\n<\/div>\n<\/div>\n<\/div><\/div>\n<\/section>    <\/article>\n<\/div>\r\n<\/div>\n<\/div>\n<\/div><\/div>\n<\/section><section class=\"bde-section-3982-175 bde-section\">\n  \n  \n\t\n\n\n\n<div class=\"section-container\"><div class=\"bde-div-3982-176 bde-div\">\n  \n  \n\t\n\n\n\n<img decoding=\"async\" class=\"bde-image2-3982-177 bde-image2\" src=\"https:\/\/inta.ordev.es\/wp-content\/uploads\/2025\/10\/Ellipse_8.webp\" alt=\"Fondo circulo verde claro\" loading=\"lazy\" sizes=\"(max-width: 163px) 100vw, 163px\" data-entrance=\"slideLeft\"><div class=\"bde-div-3982-178 bde-div\">\n  \n  \n\t\n\n\n\n<h2 class=\"bde-heading-3982-179 bde-heading\" data-entrance=\"slideLeft\">\n\u00bfPor qu\u00e9 elegir los sistemas de fertirrigaci\u00f3n INTA?\n<\/h2>\n<\/div>\n<\/div><\/div>\n<\/section><section class=\"bde-section-3982-180 bde-section\">\n  \n  \n\t\n\n\n\n<div class=\"section-container\"><div class=\"bde-div-3982-181 bde-div\">\n  \n  \n\t\n\n\n\n<div class=\"bde-grid-3982-182 bde-grid\">\n  \n  \n\t\n\n\n\n<div class=\"bde-div-3982-183 bde-div\">\n  \n  \n\t\n\n\n\n<img decoding=\"async\" class=\"bde-image2-3982-184 bde-image2\" src=\"https:\/\/inta.ordev.es\/wp-content\/uploads\/2025\/10\/WhatsApp-Image-2025-10-21-at-17.07.57.webp\" alt=\"Imagen Fertigation systems\" loading=\"lazy\" srcset=\"https:\/\/inta.ordev.es\/wp-content\/uploads\/2025\/10\/WhatsApp-Image-2025-10-21-at-17.07.57.webp 1600w, https:\/\/inta.ordev.es\/wp-content\/uploads\/2025\/10\/WhatsApp-Image-2025-10-21-at-17.07.57-300x169.webp 300w, https:\/\/inta.ordev.es\/wp-content\/uploads\/2025\/10\/WhatsApp-Image-2025-10-21-at-17.07.57-1024x576.webp 1024w, https:\/\/inta.ordev.es\/wp-content\/uploads\/2025\/10\/WhatsApp-Image-2025-10-21-at-17.07.57-768x432.webp 768w, https:\/\/inta.ordev.es\/wp-content\/uploads\/2025\/10\/WhatsApp-Image-2025-10-21-at-17.07.57-1536x864.webp 1536w\" sizes=\"(max-width: 1600px) 100vw, 1600px\" data-entrance=\"slideLeft\">\n<\/div><div class=\"bde-div-3982-185 bde-div\">\n  \n  \n\t\n\n\n\n<div class=\"bde-text-3982-186 bde-text\" data-entrance=\"slideRight\">\nElegir INTA es apostar por la precisi\u00f3n, la fiabilidad y la simplicidad. Nuestros sistemas est\u00e1n dise\u00f1ados para ofrecer un control total del riego y la nutrici\u00f3n, asegurando que cada planta reciba exactamente lo que necesita para desarrollarse. Fabricados con componentes industriales de alta calidad y la tecnolog\u00eda m\u00e1s avanzada, garantizan robustez a largo plazo y funcionamiento consistente, incluso en las condiciones m\u00e1s exigentes.<br><br>Lo que distingue a INTA es el equilibrio perfecto entre automatizaci\u00f3n avanzada y manejo sencillo. Nuestros controladores son intuitivos pero potentes, permitiendo gestionar EC, pH y programas de riego con total confianza. Cada sistema es modular y escalable, lo que facilita su integraci\u00f3n con sensores, equipos de control clim\u00e1tico y con nuestro software SYSINTA, para una gesti\u00f3n remota y an\u00e1lisis de datos en tiempo real.<br><br>Dise\u00f1amos nuestras soluciones pensando en la sostenibilidad. Al optimizar el uso de agua y fertilizantes, los sistemas INTA ayudan a reducir el desperdicio y los costos operativos, aumentando la productividad y la calidad del cultivo. Con m\u00e1s de 25 a\u00f1os de innovaci\u00f3n y soporte t\u00e9cnico especializado, INTA ofrece m\u00e1s que equipos: ofrece confianza, experiencia y una alianza para el \u00e9xito agr\u00edcola.\n<\/div>\n<\/div>\n<\/div>\n<\/div><img decoding=\"async\" class=\"bde-image2-3982-187 bde-image2\" src=\"https:\/\/inta.ordev.es\/wp-content\/uploads\/2025\/10\/Ellipse_7-1.webp\" alt=\"Fondo circulo verde claro\" loading=\"lazy\" srcset=\"https:\/\/inta.ordev.es\/wp-content\/uploads\/2025\/10\/Ellipse_7-1.webp 540w, https:\/\/inta.ordev.es\/wp-content\/uploads\/2025\/10\/Ellipse_7-1-273x300.webp 273w\" sizes=\"(max-width: 540px) 100vw, 540px\" data-entrance=\"slideRight\"><div class=\"bde-back-to-top-3982-188 bde-back-to-top bde-back-to-top--progress is-sticky\">\n\n\n<button aria-label=\"Back to top\" tabindex=\"0\" class=\"bde-back-to-top__button bde-back-to-top__button--progress bde-back-to-top__button--show-always bde-back-to-top__button--animation-fade is-sticky bde-back-to-top__button--autohide js-ee-back-to-top\">\n    \t<svg class=\"bde-back-to-top__progress-svg js-progress-svg\" width=\"100%\" height=\"100%\" viewBox=\"-1 -1 102 102\">\n\t  <path class=\"background\" d=\"M50,1 a49,49 0 0,1 0,98 a49,49 0 0,1 0,-98\"\/>\n      <path class=\"tracker\" d=\"M50,1 a49,49 0 0,1 0,98 a49,49 0 0,1 0,-98\"\/>\n  \t<\/svg>\n         <div class=\"bde-back-to-top__icon-wrap\">\n              <svg xmlns=\"http:\/\/www.w3.org\/2000\/svg\" viewBox=\"0 0 384 512\"><!--! Font Awesome Pro 6.2.0 by @fontawesome - https:\/\/fontawesome.com License - https:\/\/fontawesome.com\/license (Commercial License) Copyright 2022 Fonticons, Inc. --><path d=\"M214.6 57.4L192 34.7 169.4 57.4l-144 144L2.7 224 48 269.2l22.6-22.6L160 157.2V448v32h64V448 157.2l89.4 89.4L336 269.2 381.3 224l-22.6-22.6-144-144z\"\/><\/svg>\n          <\/div>\n    <\/button>\n\n\n<\/div><\/div>\n<\/section>","protected":false},"excerpt":{"rendered":"<p>Sistemas de Fertirrigaci\u00f3n Logra una precisi\u00f3n total en el riego y la gesti\u00f3n de nutrientes con las soluciones de fertirrigaci\u00f3n y tratamiento de agua de INTA. Ofrecemos las siguientes soluciones Allmix Compact CDN ProFlow Reciclaje y tratamiento de agua Control inteligente de drenaje Control inal\u00e1mbrico de v\u00e1lvulas Control de EC y pH \u00bfD\u00f3nde se aplican [&hellip;]<\/p>\n","protected":false},"author":1,"featured_media":0,"parent":0,"menu_order":0,"comment_status":"closed","ping_status":"closed","template":"","meta":{"_seopress_robots_primary_cat":"","_seopress_titles_title":"","_seopress_titles_desc":"Sistemas de fertirrigaci\u00f3n modulares y precisos para cultivos hidrop\u00f3nicos, frutales y ornamentales, que garantizan la eficiencia en el uso de agua y nutrientes.","_seopress_robots_index":"","_breakdance_hide_in_design_set":false,"_breakdance_tags":"","footnotes":""},"class_list":["post-3982","page","type-page","status-publish","hentry"],"_links":{"self":[{"href":"https:\/\/inta.ordev.es\/es\/wp-json\/wp\/v2\/pages\/3982","targetHints":{"allow":["GET"]}}],"collection":[{"href":"https:\/\/inta.ordev.es\/es\/wp-json\/wp\/v2\/pages"}],"about":[{"href":"https:\/\/inta.ordev.es\/es\/wp-json\/wp\/v2\/types\/page"}],"author":[{"embeddable":true,"href":"https:\/\/inta.ordev.es\/es\/wp-json\/wp\/v2\/users\/1"}],"replies":[{"embeddable":true,"href":"https:\/\/inta.ordev.es\/es\/wp-json\/wp\/v2\/comments?post=3982"}],"version-history":[{"count":7,"href":"https:\/\/inta.ordev.es\/es\/wp-json\/wp\/v2\/pages\/3982\/revisions"}],"predecessor-version":[{"id":4190,"href":"https:\/\/inta.ordev.es\/es\/wp-json\/wp\/v2\/pages\/3982\/revisions\/4190"}],"wp:attachment":[{"href":"https:\/\/inta.ordev.es\/es\/wp-json\/wp\/v2\/media?parent=3982"}],"curies":[{"name":"wp","href":"https:\/\/api.w.org\/{rel}","templated":true}]}}