{"id":4088,"date":"2025-08-14T08:14:02","date_gmt":"2025-08-14T06:14:02","guid":{"rendered":"https:\/\/inta.ordev.es\/contacto\/"},"modified":"2025-11-11T13:55:31","modified_gmt":"2025-11-11T12:55:31","slug":"contacto","status":"publish","type":"page","link":"https:\/\/inta.ordev.es\/es\/contacto\/","title":{"rendered":"Contacto"},"content":{"rendered":"<section class=\"bde-section-4088-100 bde-section\">\n  \n  \n\t\n\n\n\n<div class=\"section-container\"><div class=\"bde-div-4088-101 bde-div\">\n  \n  \n\t\n\n\n\n<div class=\"bde-columns-4088-102 bde-columns\"><div class=\"bde-column-4088-103 bde-column\">\n  \n  \n\t\n\n\n\n<img decoding=\"async\" class=\"bde-image2-4088-104 bde-image2\" src=\"https:\/\/inta.ordev.es\/wp-content\/uploads\/2025\/10\/INTA-107-1.webp\" alt=\"Imagen revista\" loading=\"lazy\" srcset=\"https:\/\/inta.ordev.es\/wp-content\/uploads\/2025\/10\/INTA-107-1.webp 615w, https:\/\/inta.ordev.es\/wp-content\/uploads\/2025\/10\/INTA-107-1-300x297.webp 300w\" sizes=\"(max-width: 615px) 100vw, 615px\" data-entrance=\"slideLeft\">\n<\/div><div class=\"bde-column-4088-105 bde-column\">\n  \n  \n\t\n\n\n\n<div class=\"bde-div-4088-106 bde-div\">\n  \n  \n\t\n\n\n\n<img decoding=\"async\" class=\"bde-image2-4088-107 bde-image2\" src=\"https:\/\/inta.ordev.es\/wp-content\/uploads\/2025\/10\/Ellipse_8.webp\" alt=\"Fondo circulo verde claro\" loading=\"lazy\" sizes=\"(max-width: 163px) 100vw, 163px\" data-entrance=\"slideRight\"><div class=\"bde-div-4088-108 bde-div\">\n  \n  \n\t\n\n\n\n<h1 class=\"bde-heading-4088-109 bde-heading\" data-entrance=\"slideRight\">\n\u00bfNecesita ayuda? Cont\u00e1ctenos\n<\/h1>\n<\/div>\n<\/div><div class=\"bde-div-4088-110 bde-div\" data-entrance=\"slideRight\">\n  \n  \n\t\n\n\n\n<div class=\"bde-grid-4088-111 bde-grid\">\n  \n  \n\t\n\n\n\n<div class=\"bde-div-4088-112 bde-div\">\n  \n  \n\t\n\n\n\n<img decoding=\"async\" class=\"bde-image2-4088-113 bde-image2\" src=\"https:\/\/inta.ordev.es\/wp-content\/uploads\/2025\/10\/icono-telefono.webp\" alt=\"Icono tel\u00e9fono\" loading=\"lazy\" sizes=\"(max-width: 65px) 100vw, 65px\"><div class=\"bde-text-4088-114 bde-text\">\n+34 968 493 116\n<\/div>\n<\/div><div class=\"bde-div-4088-115 bde-div\">\n  \n  \n\t\n\n\n\n<img decoding=\"async\" class=\"bde-image2-4088-116 bde-image2\" src=\"https:\/\/inta.ordev.es\/wp-content\/uploads\/2025\/10\/icono-email.webp\" alt=\"Icono email\" loading=\"lazy\" sizes=\"(max-width: 72px) 100vw, 72px\"><div class=\"bde-text-4088-117 bde-text\">\ninfo@inta.com.es\n<\/div>\n<\/div><div class=\"bde-div-4088-118 bde-div\">\n  \n  \n\t\n\n\n\n<img decoding=\"async\" class=\"bde-image2-4088-119 bde-image2\" src=\"https:\/\/inta.ordev.es\/wp-content\/uploads\/2025\/10\/icono-localizacion.webp\" alt=\"Icono localizaci\u00f3n\" loading=\"lazy\" sizes=\"(max-width: 72px) 100vw, 72px\"><div class=\"bde-text-4088-120 bde-text\">\nPol Ind Labradorcico, C. la Musa, 13, 1, 30880 \u00c1guilas, Murcia\n<\/div>\n<\/div>\n<\/div>\n<\/div>\n<\/div><\/div>\n<\/div><\/div>\n<\/section><section class=\"bde-section-4088-121 bde-section\">\n  \n  \n\t\n\n\n\n<div class=\"section-container\"><div class=\"bde-div-4088-122 bde-div\">\n  \n  \n\t\n\n\n\n<div class=\"bde-div-4088-123 bde-div\">\n  \n  \n\t\n\n\n\n<img decoding=\"async\" class=\"bde-image2-4088-124 bde-image2\" src=\"https:\/\/inta.ordev.es\/wp-content\/uploads\/2025\/10\/Ellipse_8.webp\" alt=\"Fondo circulo verde claro\" loading=\"lazy\" sizes=\"(max-width: 163px) 100vw, 163px\" data-entrance=\"slideLeft\"><div class=\"bde-div-4088-125 bde-div\">\n  \n  \n\t\n\n\n\n<h2 class=\"bde-heading-4088-126 bde-heading\" data-entrance=\"slideLeft\">\nO rellena este formulario\n<\/h2>\n<\/div>\n<\/div><div class=\"bde-div-4088-127 bde-div\">\n  \n  \n\t\n\n\n\n<div class=\"bde-grid-4088-128 bde-grid\">\n  \n  \n\t\n\n\n\n<div class=\"bde-div-4088-129 bde-div\">\n  \n  \n\t\n\n\n\n<div class=\"bde-text-4088-130 bde-text\" data-entrance=\"slideLeft\">\nCualquier informaci\u00f3n adicional, pregunta o comentario, por favor no dude en llamarnos al +34 968 493 116.\u2028\u2028<br><br>O dejar un mensaje\n<\/div><div class=\"bde-form-builder-4088-131 bde-form-builder\" data-entrance=\"slideLeft\">\n\n<form id=\"contact-form131\" class=\"breakdance-form breakdance-form--vertical\" data-options=\"{&quot;slug&quot;:&quot;custom&quot;,&quot;name&quot;:&quot;Contact Form&quot;,&quot;ajaxUrl&quot;:&quot;https:\\\/\\\/inta.ordev.es\\\/wp-admin\\\/admin-ajax.php&quot;,&quot;clearOnSuccess&quot;:true,&quot;hideOnSuccess&quot;:false,&quot;successMessage&quot;:&quot;Su mensaje ha sido recibido!&quot;,&quot;errorMessage&quot;:&quot;Algo sali\\u00f3 mal&quot;,&quot;redirect&quot;:false,&quot;redirectUrl&quot;:&quot;&quot;,&quot;customJavaScript&quot;:&quot;&quot;,&quot;recaptcha&quot;:{&quot;key&quot;:&quot;&quot;,&quot;enabled&quot;:false},&quot;honeypot_enabled&quot;:false,&quot;popupsOnSuccess&quot;:[],&quot;popupsOnError&quot;:[]}\" data-steps=\"0\" >\n  \n  \n  \n<div class=\"breakdance-form-field breakdance-form-field--text\" >\n    \n    \n            <label class=\"breakdance-form-field__label\" for=\"name\">\n            Nombre<span class=\"breakdance-form-field__required\">*<\/span>\n        <\/label>\n    \n    <input\n    class=\"breakdance-form-field__input\"\n    id=\"name\"\n    aria-describedby=\"name\"\n    type=\"text\"\n    name=\"fields[name]\"\n    placeholder=\"Nombre\"\n    value=\"\"\n                \n        \n        \n    required\n    \n    \n    \n    \n    \n>\n\n\n    \n    \n<\/div>\n\n\n<div class=\"breakdance-form-field breakdance-form-field--email\" >\n    \n    \n            <label class=\"breakdance-form-field__label\" for=\"email\">\n            Email<span class=\"breakdance-form-field__required\">*<\/span>\n        <\/label>\n    \n    <input\n    class=\"breakdance-form-field__input\"\n    id=\"email\"\n    aria-describedby=\"email\"\n    type=\"email\"\n    name=\"fields[email]\"\n    placeholder=\"E-mail\"\n    value=\"\"\n                \n        \n        \n    required\n    \n    \n    \n    \n    \n>\n\n\n    \n    \n<\/div>\n\n\n<div class=\"breakdance-form-field breakdance-form-field--text\" >\n    \n    \n            <label class=\"breakdance-form-field__label\" for=\"imbfba\">\n            Tel\u00e9fono<span class=\"breakdance-form-field__required\">*<\/span>\n        <\/label>\n    \n    <input\n    class=\"breakdance-form-field__input\"\n    id=\"imbfba\"\n    aria-describedby=\"imbfba\"\n    type=\"text\"\n    name=\"fields[imbfba]\"\n    placeholder=\"Tel\u00e9fono\"\n    value=\"\"\n                \n        \n        \n    required\n    \n    \n    \n    \n    \n>\n\n\n    \n    \n<\/div>\n\n\n<div class=\"breakdance-form-field breakdance-form-field--textarea\" >\n    \n    \n            <label class=\"breakdance-form-field__label\" for=\"message\">\n            Comentarios<span class=\"breakdance-form-field__required\">*<\/span>\n        <\/label>\n    \n    <textarea\n    class=\"breakdance-form-field__input\"\n    id=\"message\"\n    aria-describedby=\"message\"\n    type=\"textarea\"\n    name=\"fields[message]\"\n        placeholder=\"Comentarios\"\n    required\n    \n    \n    >\n<\/textarea>\n\n\n    \n    \n<\/div>\n\n\n<div class=\"breakdance-form-field breakdance-form-field--checkbox\" >\n    \n    \n    \n    <fieldset role=\"group\"\n    aria-label=\"He le\u00eddo y acepto la pol\u00edtica de privacidad de INTA\"\n    >\n       <legend class=\"breakdance-form-field__label\">He le\u00eddo y acepto la pol\u00edtica de privacidad de INTA<span class=\"breakdance-form-field__required\">*<\/span><\/legend>\n          <div class=\"breakdance-form-checkbox\">\n          <input\n              type=\"checkbox\"\n              name=\"fields[mtirer]\"\n              value=\"He le\u00eddo y acepto la pol\u00edtica de privacidad de INTA\"\n              id=\"mtirer-1\"\n              \n              \n                        >\n          <label class=\"breakdance-form-checkbox__text\" for=\"mtirer-1\">He le\u00eddo y acepto la pol\u00edtica de privacidad de INTA<\/label>\n      <\/div>\n  <\/fieldset>\n\n\n\n    \n    \n<\/div><div class=\"breakdance-form-field breakdance-form-footer\">    \n    \n    \n    \n    \n            \n            <button type=\"submit\" class=\"button-atom button-atom--primary breakdance-form-button breakdance-form-button__submit\"  >\n    \n        <span class=\"button-atom__text\">Enviar<\/span>\n\n        \n        \n            <\/button>\n    \n    <input type=\"hidden\" name=\"form_id\" value=\"131\">\n    <input type=\"hidden\" name=\"post_id\" value=\"4088\">\n<\/div>\n\n  \n<\/form>\n\n\n<\/div>\n<\/div><div class=\"bde-div-4088-132 bde-div\">\n  \n  \n\t\n\n\n\n<img decoding=\"async\" class=\"bde-image2-4088-133 bde-image2\" src=\"https:\/\/inta.ordev.es\/wp-content\/uploads\/2025\/08\/banner-de-contacto-en-pagina-de-inicio.webp\" alt=\"Banner con dise\u00f1o gr\u00e1fico y llamada a la acci\u00f3n para formulario de contacto\" loading=\"lazy\" srcset=\"https:\/\/inta.ordev.es\/wp-content\/uploads\/2025\/08\/banner-de-contacto-en-pagina-de-inicio.webp 603w, https:\/\/inta.ordev.es\/wp-content\/uploads\/2025\/08\/banner-de-contacto-en-pagina-de-inicio-300x218.webp 300w\" sizes=\"(max-width: 603px) 100vw, 603px\" data-entrance=\"slideRight\">\n<\/div>\n<\/div>\n<\/div>\n<\/div><div class=\"bde-back-to-top-4088-134 bde-back-to-top bde-back-to-top--progress is-sticky\">\n\n\n<button aria-label=\"Back to top\" tabindex=\"0\" class=\"bde-back-to-top__button bde-back-to-top__button--progress bde-back-to-top__button--show-always bde-back-to-top__button--animation-fade is-sticky bde-back-to-top__button--autohide js-ee-back-to-top\">\n    \t<svg class=\"bde-back-to-top__progress-svg js-progress-svg\" width=\"100%\" height=\"100%\" viewBox=\"-1 -1 102 102\">\n\t  <path class=\"background\" d=\"M50,1 a49,49 0 0,1 0,98 a49,49 0 0,1 0,-98\"\/>\n      <path class=\"tracker\" d=\"M50,1 a49,49 0 0,1 0,98 a49,49 0 0,1 0,-98\"\/>\n  \t<\/svg>\n         <div class=\"bde-back-to-top__icon-wrap\">\n              <svg xmlns=\"http:\/\/www.w3.org\/2000\/svg\" viewBox=\"0 0 384 512\"><!--! Font Awesome Pro 6.2.0 by @fontawesome - https:\/\/fontawesome.com License - https:\/\/fontawesome.com\/license (Commercial License) Copyright 2022 Fonticons, Inc. --><path d=\"M214.6 57.4L192 34.7 169.4 57.4l-144 144L2.7 224 48 269.2l22.6-22.6L160 157.2V448v32h64V448 157.2l89.4 89.4L336 269.2 381.3 224l-22.6-22.6-144-144z\"\/><\/svg>\n          <\/div>\n    <\/button>\n\n\n<\/div><\/div>\n<\/section>","protected":false},"excerpt":{"rendered":"<p>\u00bfNecesita ayuda? Cont\u00e1ctenos +34 968 493 116 info@inta.com.es Pol Ind Labradorcico, C. la Musa, 13, 1, 30880 \u00c1guilas, Murcia O rellena este formulario Cualquier informaci\u00f3n adicional, pregunta o comentario, por favor no dude en llamarnos al +34 968 493 116.\u2028\u2028O dejar un mensaje Nombre* Email* Tel\u00e9fono* Comentarios* He le\u00eddo y acepto la pol\u00edtica de privacidad [&hellip;]<\/p>\n","protected":false},"author":1,"featured_media":0,"parent":0,"menu_order":0,"comment_status":"closed","ping_status":"closed","template":"","meta":{"_seopress_robots_primary_cat":"","_seopress_titles_title":"","_seopress_titles_desc":"Cont\u00e1ctanos por tel\u00e9fono, correo electr\u00f3nico o formulario. Estamos en \u00c1guilas, Murcia, y listos para ayudarte con tus proyectos agr\u00edcolas.","_seopress_robots_index":"","_breakdance_hide_in_design_set":false,"_breakdance_tags":"","footnotes":""},"class_list":["post-4088","page","type-page","status-publish","hentry"],"_links":{"self":[{"href":"https:\/\/inta.ordev.es\/es\/wp-json\/wp\/v2\/pages\/4088","targetHints":{"allow":["GET"]}}],"collection":[{"href":"https:\/\/inta.ordev.es\/es\/wp-json\/wp\/v2\/pages"}],"about":[{"href":"https:\/\/inta.ordev.es\/es\/wp-json\/wp\/v2\/types\/page"}],"author":[{"embeddable":true,"href":"https:\/\/inta.ordev.es\/es\/wp-json\/wp\/v2\/users\/1"}],"replies":[{"embeddable":true,"href":"https:\/\/inta.ordev.es\/es\/wp-json\/wp\/v2\/comments?post=4088"}],"version-history":[{"count":4,"href":"https:\/\/inta.ordev.es\/es\/wp-json\/wp\/v2\/pages\/4088\/revisions"}],"predecessor-version":[{"id":4092,"href":"https:\/\/inta.ordev.es\/es\/wp-json\/wp\/v2\/pages\/4088\/revisions\/4092"}],"wp:attachment":[{"href":"https:\/\/inta.ordev.es\/es\/wp-json\/wp\/v2\/media?parent=4088"}],"curies":[{"name":"wp","href":"https:\/\/api.w.org\/{rel}","templated":true}]}}