{"id":4220,"date":"2025-08-14T08:14:36","date_gmt":"2025-08-14T06:14:36","guid":{"rendered":"https:\/\/inta.ordev.es\/aviso-legal\/"},"modified":"2025-11-13T09:03:59","modified_gmt":"2025-11-13T08:03:59","slug":"aviso-legal","status":"publish","type":"page","link":"https:\/\/inta.ordev.es\/es\/aviso-legal\/","title":{"rendered":"Aviso legal"},"content":{"rendered":"<section class=\"bde-section-4220-100 bde-section\">\n  \n  \n\t\n\n\n\n<div class=\"section-container\"><div class=\"bde-rich-text-4220-101 bde-rich-text breakdance-rich-text-styles\">\n<h1>AVISO LEGAL<\/h1>\n<p><strong>Informaci\u00f3n General<\/strong><\/p>\n<p>El presente aviso legal da cumplimiento a las estipulaciones recogidas en la Ley 34\/2002, de Servicios de la Sociedad de la Informaci\u00f3n, y de Comercio Electr\u00f3nico, REGLAMENTO (UE) 2016\/679 DEL PARLAMENTO EUROPEO Y DEL CONSEJO de 27 de abril de 2016 y la Ley Org\u00e1nica 3\/2018, de 5 de diciembre, de Protecci\u00f3n de Datos Personales y garant\u00eda de los derechos digitales.<\/p>\n<p>La titularidad del sitio web <a href=\"https:\/\/www.inta.com.es\/\">https:\/\/www.inta.com.es\/<\/a> es de INTA CROP TECHNOLOGY, S.L., con domicilio social en POL.IND. EL LABRADORCICO, C\/ LA MUSA N\u00ba13, 1, CP. 30880 \u00c1GUILAS (MURCIA), con CIF B-46472007 e inscrita en el Registro Mercantil de Murcia, T 828, F112, S 8, H MU 15206, I\/A 1.<\/p>\n<p>INTA CROP TECHNOLOGY, S.L. (en adelante INTA) le da la bienvenida y le invita a leer atentamente las Condiciones Generales de Uso de este Sito Web (en adelante, las \u201cCondiciones Generales de Uso\u201d) que describen los t\u00e9rminos y condiciones que ser\u00e1n aplicables a su navegaci\u00f3n por el mismo, de conformidad con lo establecido en la normativa espa\u00f1ola de aplicaci\u00f3n. Dado que la empresa podr\u00eda modificar en el futuro estas Condiciones de Uso, le recomendamos que las visite peri\u00f3dicamente para estar debidamente informado de los cambios realizados.<\/p>\n<p>Con el \u00e1nimo de que el uso del Sitio Web se ajuste a criterios de transparencia, claridad y sencillez, INTA informa al Usuario que cualquier sugerencia, duda o consulta sobre las Condiciones Generales de Uso ser\u00e1 recibida y solucionada contactando con la empresa a trav\u00e9s del correo electr\u00f3nico: <a href=\"mailto:info@inta.com.es\">info@inta.com.es<\/a><\/p>\n<p><strong>Objeto, acceso y contenidos<\/strong><\/p>\n<p>INTA suministra el contenido y los servicios que est\u00e1n disponibles en el Sitio Web, con sujeci\u00f3n a las presentes Condiciones Generales de Uso, as\u00ed como a la pol\u00edtica sobre tratamiento de datos personales (en adelante, la \u201cPol\u00edtica de Privacidad\u201d). El acceso a este Sitio Web o su utilizaci\u00f3n en cualquier forma le otorga la calificaci\u00f3n de \u201cUsuario\u201d e implica la aceptaci\u00f3n sin reservas de todas y cada una de las presentes Condiciones Generales de Uso, en la Pol\u00edtica de Privacidad y de Cookies, reserv\u00e1ndose la empresa el derecho a modificarlos en cualquier momento. En consecuencia, ser\u00e1 responsabilidad de todo Usuario, la atenta lectura de las Condiciones Generales de Uso vigente en cada una de las ocasiones en que acceda a este Sitio Web, por lo que, si \u00e9ste no est\u00e1 de acuerdo con cualquiera de los mismos aqu\u00ed dispuestos, deber\u00e1 abstenerse respecto al uso del presente Sitio Web. El USUARIO se compromete a no utilizar el sitio web y los servicios que se ofrecen en el mismo para la realizaci\u00f3n de actividades contrarias a la ley y a respetar en todo momento las presentes condiciones generales.<\/p>\n<p>Asimismo, queda advertido de que, en ocasiones, se podr\u00e1n establecer condiciones particulares para la utilizaci\u00f3n en el Sitio Web de contenidos y\/o servicios espec\u00edficos, la utilizaci\u00f3n de dichos contenidos o servicios implicar\u00e1 la aceptaci\u00f3n de las condiciones particulares en ellos especificadas.<\/p>\n<p>El acceso al sitio Web se efect\u00faa de forma libre y gratuita, salvo el coste que deba soportar el usuario por la conexi\u00f3n a Internet suministrada por su proveedor.<\/p>\n<p>Las condiciones de acceso y uso del presente sitio web se rigen estrictamente por la legalidad vigente y por el principio de buena fe comprometi\u00e9ndose el USUARIO a realizar un buen uso de la web. Quedan prohibidos todos los actos que vulneren la legalidad, derechos o intereses de terceros: derecho a la intimidad, protecci\u00f3n de datos, propiedad intelectual etc.<\/p>\n<p>Expresamente INTA proh\u00edbe los siguientes:<\/p>\n<ul>\n<li>Realizar acciones que puedan producir en el sitio web o a trav\u00e9s del mismo por cualquier medio cualquier tipo de da\u00f1o a los sistemas de INTA o a terceros.<\/li>\n<li>Realizar sin la debida autorizaci\u00f3n cualquier tipo de publicidad o informaci\u00f3n comercial directamente o de forma encubierta, el env\u00edo de correos masivos (\u201cspaming\u201d) o env\u00edo de grandes mensajes con el fin de bloquear servidores de la red (\u201cmail bombing\u201d)<\/li>\n<\/ul>\n<p>INTA, podr\u00e1 interrumpir en cualquier momento el acceso a su sitio web si detecta un uso contrario a la legalidad, la buena fe o a las presentes condiciones generales.<\/p>\n<p><strong>Servicios<\/strong><\/p>\n<p>A trav\u00e9s del Sitio Web, INTA ofrece a los Usuarios la posibilidad de acceder a: Informaci\u00f3n sobre la empresa, sus datos de contacto, sus productos y servicios, su ubicaci\u00f3n \u2013 Un apartado de contacto para realizar consultas facilitando sus datos de car\u00e1cter personal\u2013 Links para acceder a redes sociales (en adelante los \u201cServicios\u201d).<\/p>\n<p><strong>Privacidad y Tratamiento de Datos<\/strong><\/p>\n<p>Cuando para el acceso a determinados contenidos o servicios sea necesario facilitar datos de car\u00e1cter personal, los Usuarios garantizar\u00e1n su veracidad, exactitud, autenticidad y vigencia. La empresa dar\u00e1 a dichos datos el tratamiento automatizado que corresponda en funci\u00f3n de su naturaleza o finalidad, en los t\u00e9rminos indicados en la secci\u00f3n de Pol\u00edtica de Privacidad.<\/p>\n<p><strong>Propiedad industrial e intelectual<\/strong><\/p>\n<p>INTA posee reservados todos los derechos sobre la marca, nombre comercial y signos distintivos con respecto al dise\u00f1o y contenido de este sitio Web. En concreto, en lo relativo a los textos, dise\u00f1o gr\u00e1fico, c\u00f3digo fuente, etc. Por lo tanto, el Usuario reconoce y acepta que todos los derechos de propiedad industrial e intelectual sobre los contenidos y\/o cualesquiera otros elementos insertados en el Sitio Web (incluyendo, a t\u00edtulo meramente enunciativo y no limitativo, todos aquellos elementos que conforman la apariencia visual, imagen gr\u00e1fica y otros est\u00edmulos sensoriales de las p\u00e1ginas Web que conforman el sitio Web www.inta.com.es, marcas, logotipos, nombres comerciales, textos, cr\u00edticas y comentarios, im\u00e1genes, gr\u00e1ficos, dise\u00f1os, sonidos, bases de datos, software, diagramas de flujo, presentaci\u00f3n, arquitectura de navegaci\u00f3n, as\u00ed como los c\u00f3digos fuente de las p\u00e1ginas Web) pertenecen a INTA y\/o a terceros que le han cedido sus derechos. A tales efectos, se entender\u00e1 como Sitio Web todas aquellas creaciones incorporadas y expresadas por cualquier medio y\/o soporte tangible o intangible, conocido o por conocer, que sea objeto de protecci\u00f3n por las disposiciones normativas vigentes en materia de propiedad intelectual e industrial.<\/p>\n<p>Queda totalmente prohibido la utilizaci\u00f3n de todos los elementos objeto de propiedad industrial e intelectual con fines comerciales, as\u00ed como su distribuci\u00f3n, modificaci\u00f3n o alteraci\u00f3n, sin la debida autorizaci\u00f3n de INTA. No obstante, queda autorizada la mera visualizaci\u00f3n, impresi\u00f3n, descarga o almacenamiento temporal, ya sea en su totalidad o parcialmente, de los contenidos y\/o de los elementos insertados en el Sitio Web o en las p\u00e1ginas que lo conforman exclusivamente para su uso personal, privado y no lucrativo por el usuario siempre que en todo caso se indique el origen y\/o autor de los mismos y que, en su caso, aparezca el s\u00edmbolo del copyright y\/o notas de propiedad industrial de sus titulares.<\/p>\n<p>En ning\u00fan caso el acceso al Sitio Web implica ning\u00fan tipo de permiso, renuncia, transmisi\u00f3n, licencia o cesi\u00f3n total ni parcial de dichos derechos por parte de sus titulares, salvo que se establezca expresamente lo contrario. Las presentes condiciones de uso del Sitio Web no confieren a los Usuarios ning\u00fan otro derecho de utilizaci\u00f3n, alteraci\u00f3n, explotaci\u00f3n,<br \/>reproducci\u00f3n, distribuci\u00f3n o comunicaci\u00f3n p\u00fablica del Sitio Web y\/o de sus Contenidos distintos de los aqu\u00ed expresamente previstos. Cualquier otro uso o explotaci\u00f3n de cualesquiera derechos estar\u00e1 sujeto a la previa y expresa autorizaci\u00f3n espec\u00edficamente otorgada a tal efecto por INTA o, en su caso, por el tercero titular de los derechos afectados.<\/p>\n<p>Asimismo, queda prohibido suprimir, eludir y\/o manipular el \u201ccopyright\u201d as\u00ed como los dispositivos t\u00e9cnicos de protecci\u00f3n, o cualesquiera mecanismos de informaci\u00f3n que pudieren contener los contenidos. El Usuario de este Sitio Web se compromete a respetar los derechos enunciados y a evitar cualquier actuaci\u00f3n que pudiera perjudicarlos, reserv\u00e1ndose en todo caso la empresa el ejercicio de cuantos medios o acciones legales le correspondan en defensa de sus leg\u00edtimos derechos de propiedad intelectual e industrial.Las referencias existentes en este sitio web sobre cualquier servicio, enlace, hipertexto, o cualquier otra informaci\u00f3n en la que se utilice la marca o nombre comercial y dem\u00e1s signos distintivos de terceros son propiedad de estos.<\/p>\n<p><strong>Enlaces<\/strong><\/p>\n<p>La existencia de enlaces a otros portales no supone que pudieran existir acuerdos con los titulares de los mismos, por lo tanto, la empresa no se hace responsable de las posibles ilicitudes, desactualizaciones o errores de los contenidos de dichas webs. Si el usuario conociese que los sitios enlazados remiten a p\u00e1ginas cuyo contenido fuese il\u00edcito deber\u00e1 notificarlo a la empresa, enviando un mail a <a href=\"mailto:info@inta.com.es\">info@inta.com.es<\/a><\/p>\n<p>INTA no asume ning\u00fan tipo de responsabilidad por cualquier aspecto relativo a tales sitios web.<\/p>\n<p><strong>Utilizaci\u00f3n del website bajo la exclusiva responsabilidad del usuario<\/strong><\/p>\n<p>El Usuario reconoce y acepta que el uso del website y del servicio prestado tiene lugar, en todo caso, bajo su \u00fanica y exclusiva responsabilidad. El Usuario es el \u00fanico responsable frente a cualquier reclamaci\u00f3n o acci\u00f3n legal, judicial o<br \/>extrajudicial, iniciada por terceras personas, tanto contra el Usuario como contra INTA, basada en el incumplimiento negligente o doloso de cualquiera de las obligaciones establecidas en las presentes Condiciones Generales de Uso por el Usuario del Servicio, asumiendo \u00e9ste los gastos, costes e indemnizaciones ocasionados a INTA con motivo de tales reclamaciones o acciones legales. Asimismo, usted se obliga a indemnizar a INTA frente a cualesquiera da\u00f1os y perjuicios,<br \/>que se deriven del uso por su parte de \u201crobots\u201d, \u201cspiders\u201d, \u201ccrawlers\u201d o herramientas similares empleadas con el fin de recabar o extraer datos o de cualquier otra actuaci\u00f3n por su parte que imponga una carga irrazonable sobre el funcionamiento del Sitio Web.<\/p>\n<p>Si para acceder a algunos de los servicios y\/o contenidos del Sitio Web, se le proporcionara una contrase\u00f1a, se obliga a usarla de manera diligente, manteni\u00e9ndola en todo momento en secreto.<\/p>\n<p>En consecuencia, ser\u00e1 responsable de su adecuada custodia y confidencialidad, comprometi\u00e9ndose a no cederla a terceros, de manera temporal o permanente, ni a permitir el acceso a los mencionados servicios y\/o contenidos por parte de personas ajenas. Igualmente, se obliga a notificar a la empresa cualquier hecho que pueda suponer un uso indebido de su contrase\u00f1a, como, a t\u00edtulo enunciativo, su robo, extrav\u00edo o el acceso no autorizado, con el fin de proceder a su inmediata cancelaci\u00f3n. En consecuencia, mientras no efect\u00fae la notificaci\u00f3n anterior, INTA quedar\u00e1 eximida de cualquier responsabilidad que pudiera derivarse del uso indebido de su contrase\u00f1a, siendo de su responsabilidad cualquier utilizaci\u00f3n il\u00edcita de los<br \/>contenidos y\/o servicios del Sitio Web por cualquier tercero ileg\u00edtimo.<\/p>\n<p><strong>Exclusi\u00f3n de Garant\u00edas y Responsabilidades<\/strong><\/p>\n<p>INTA no garantiza la disponibilidad y continuidad del funcionamiento del Servicio, ni su utilidad para la realizaci\u00f3n de ninguna actividad en particular, ni su infalibilidad y calidad y, en particular, aunque no exclusivamente, que los Usuarios puedan efectivamente acceder al Servicio, crear, instalar, eliminar, gestionar o ejecutar cualquiera de las prestaciones previstas.<\/p>\n<p>INTA excluye cualquier responsabilidad por los da\u00f1os y perjuicios de toda naturaleza que puedan deberse a la falta de disponibilidad, de continuidad o de calidad del funcionamiento del servicio, a la defraudaci\u00f3n de la utilidad que los usuarios hubieran podido atribuir al servicio y a los fallos del servicio y, en particular, aunque no de modo exclusivo, a los fallos en el acceso a las distintas websites de INTA desde las que se prestan los servicios.<\/p>\n<p>INTA no tiene obligaci\u00f3n de controlar y no controla la licitud, fiabilidad, utilidad, veracidad, exactitud, exhaustividad y actualidad de los contenidos que los Usuarios almacenen en y difundan desde sus p\u00e1ginas personales; as\u00ed, se hallan fuera de control de INTA, entre otros, los programas de textos y datos de los Usuarios, newsgroups no moderados del propio servidor; newsgroups de otros servidores, chats, listas de distribuci\u00f3n y cuentas FTP.<\/p>\n<p>INTA excluye cualquier responsabilidad por los da\u00f1os y perjuicios de toda naturaleza que puedan deberse a la presencia de virus o a la presencia de otros elementos (c\u00f3digos maliciosos) en los contenidos que puedan producir alteraciones en el sistema inform\u00e1tico, documentos electr\u00f3nicos o ficheros de los Usuarios. Correspondiendo al usuario la disponibilidad de<br \/>herramientas adecuadas para la detecci\u00f3n y desinfecci\u00f3n de programas o archivos da\u00f1inos.<\/p>\n<p>INTA no asume responsabilidad alguna por el perjuicio que la informaci\u00f3n depositada por los Usuarios en websites INTA pueden causar a otros Usuarios.<\/p>\n<p>INTA no se hace responsable de las decisiones que pudieran adoptarse como consecuencia del acceso a los contenidos o informaciones ofrecidas.<\/p>\n<p>La empresa no se hace responsable por da\u00f1os, perjuicios, p\u00e9rdidas, reclamaciones o gastos derivados del uso del Sitio Web. \u00danicamente ser\u00e1 responsable de eliminar, lo antes posible, los contenidos que puedan generar tales perjuicios, siempre que as\u00ed se notifique.<\/p>\n<p>INTA excluye cualquier responsabilidad por los da\u00f1os y perjuicios de toda naturaleza que pudieran causarse por los Usuarios en la transmisi\u00f3n, difusi\u00f3n, almacenamiento, puesta a disposici\u00f3n, recepci\u00f3n, obtenci\u00f3n o acceso a los contenidos y, en particular, aunque no exclusivamente, por los da\u00f1os y perjuicios que puedan deberse a:<\/p>\n<ul>\n<li>el incumplimiento de la ley, moral o buenas costumbres generalmente aceptadas o el orden p\u00fablico como consecuencia de la transmisi\u00f3n, difusi\u00f3n, almacenamiento, puesta a disposici\u00f3n, recepci\u00f3n, obtenci\u00f3n o acceso a los contenidos;<\/li>\n<li>la infracci\u00f3n de los derechos de propiedad industrial o intelectual, de los secretos de INTA, de compromisos contractuales de cualquier clase, de los derechos al honor, a la intimidad personal y familiar y a la imagen de las personas, de los derechos de propiedad y de toda otra naturaleza pertenecientes a un tercero como consecuencia de la<br \/>transmisi\u00f3n, difusi\u00f3n, almacenamiento, puesta a disposici\u00f3n, recepci\u00f3n, obtenci\u00f3n o acceso a los contenidos;<\/li>\n<li>la realizaci\u00f3n de actos de competencia desleal y publicidad il\u00edcita como consecuencia de la transmisi\u00f3n, difusi\u00f3n, almacenamiento, puesta a disposici\u00f3n, recepci\u00f3n, obtenci\u00f3n o acceso a los contenidos<\/li>\n<li>falta de veracidad, exactitud, exhaustividad, pertenencia y\/o actualidad de los contenidos;<\/li>\n<li>la suplantaci\u00f3n de la personalidad de un tercero efectuada por un Usuario en cualquier clase de comunicaci\u00f3n realizada a trav\u00e9s del servicio;<\/li>\n<li>el incumplimiento, retraso en el cumplimiento, cumplimiento defectuoso o terminaci\u00f3n por cualquier causa de las obligaciones contra\u00eddas por terceros y contratos realizados con terceros a trav\u00e9s de o con motivo del acceso a los contenidos;<\/li>\n<li>los vicios y defectos de toda clase de los contenidos transmitidos, difundidos, almacenados, puestos a disposici\u00f3n o de otra forma transmitidos o puestos a disposici\u00f3n, recibidos, obtenidos o a los que se haya accedido a trav\u00e9s de los servicios.<\/li>\n<\/ul>\n<p>INTA excluye cualquier responsabilidad por los da\u00f1os y perjuicios de toda naturaleza que pudieran deberse a la mala utilizaci\u00f3n de los servicios de libre disposici\u00f3n y uso por parte de los Usuarios de Sitio Web. Asimismo, la empresa queda exonerado de cualquier responsabilidad por el contenido e informaciones que puedan ser recibidas como consecuencia de los formularios de recogida de datos. Por otro lado, en caso de causar da\u00f1os y perjuicios por un uso il\u00edcito o incorrecto de dichos servicios, podr\u00e1 ser el Usuario reclamado por la empresa de los da\u00f1os o perjuicios causados.<\/p>\n<p>INTA se reserva el derecho a suspender el acceso sin previo aviso de forma discrecional y con car\u00e1cter definitivo o temporal hasta el aseguramiento de la efectiva responsabilidad de los da\u00f1os que pudieran producirse. Asimismo, INTA colaborar\u00e1 y notificar\u00e1 a la autoridad competente estas incidencias en el momento en que tenga conocimiento fehaciente de que los da\u00f1os ocasionados constituyan cualquier tipo de actividad il\u00edcita<\/p>\n<p>INTA no ser\u00e1 responsable en todo en caso de imposibilidad de prestar servicio, si \u00e9sta se debe a interrupciones prolongadas del suministro el\u00e9ctrico, l\u00edneas de telecomunicaciones, conflictos sociales, huelgas, rebeli\u00f3n, explosiones, inundaciones, actos y omisiones del Gobierno, y en general todos los supuestos de fuerza mayor o de caso fortuito.<\/p>\n<p><strong>Protecci\u00f3n de datos<\/strong><\/p>\n<p>Para utilizar algunos de los Servicios, los Usuarios deben proporcionar previamente ciertos datos de car\u00e1cter personal. Para ello, INTA tratar\u00e1 automatizadamente los Datos Personales en cumplimiento con la normativa de Protecci\u00f3n de Datos de Car\u00e1cter Personal. Para ello, el Usuario puede acceder a la pol\u00edtica seguida en el tratamiento de los datos personales, as\u00ed como el establecimiento de las finalidades previamente establecidas, a lo dispuesto en las condiciones definidas en la Pol\u00edtica de Protecci\u00f3n de Datos que presenta este Sitio Web.<\/p>\n<p><strong>Cookies<\/strong><\/p>\n<p>INTA se reserva el derecho de utilizar la tecnolog\u00eda \u201ccookie\u201d en el Sitio Web, a fin de reconocerlo como Usuario frecuente y personalizar el uso que realice del Sitio Web como los contenidos m\u00e1s deseados o espec\u00edficos. Las \u201ccookies\u201d utilizadas por el Sitio Web, o el tercero que act\u00fae en su nombre, se asocian \u00fanicamente con un usuario an\u00f3nimo y su ordenador, y no proporcionan por s\u00ed los datos personales del usuario.<\/p>\n<p>Para m\u00e1s informaci\u00f3n consulte nuestra pol\u00edtica de cookies.<\/p>\n<p><strong>Legislaci\u00f3n y jurisdicci\u00f3n<\/strong><\/p>\n<p>Estas Condiciones Legales se rigen por la ley espa\u00f1ola. El Sitio Web, el usuario y INTA, con renuncia expresa a cualquier otro fuero, se someten al de los Juzgados y Tribunales de Murcia para cualquier controversia que pudiera derivarse de la prestaci\u00f3n de los servicios objeto de estas Condiciones Legales.<\/p>\n<p>En el supuesto de que cualquier estipulaci\u00f3n de las presentes Condiciones Generales de Uso resultara inexigible o nula en virtud de la legislaci\u00f3n aplicable o como consecuencia de una resoluci\u00f3n judicial o administrativa, dicha inexigibilidad o nulidad no har\u00e1 que las presentes Condiciones Generales de Uso resulten inexigibles o nulas en su conjunto. En dichos casos, INTA proceder\u00e1 a la modificaci\u00f3n o sustituci\u00f3n de dicha estipulaci\u00f3n por otra que sea v\u00e1lida y exigible y que, en la medida de lo posible, consiga el objetivo y pretensi\u00f3n reflejados en la estipulaci\u00f3n original.<\/p>\n<\/div><div class=\"bde-back-to-top-4220-102 bde-back-to-top bde-back-to-top--progress is-sticky\">\n\n\n<button aria-label=\"Back to top\" tabindex=\"0\" class=\"bde-back-to-top__button bde-back-to-top__button--progress bde-back-to-top__button--show-always bde-back-to-top__button--animation-fade is-sticky bde-back-to-top__button--autohide js-ee-back-to-top\">\n    \t<svg class=\"bde-back-to-top__progress-svg js-progress-svg\" width=\"100%\" height=\"100%\" viewBox=\"-1 -1 102 102\">\n\t  <path class=\"background\" d=\"M50,1 a49,49 0 0,1 0,98 a49,49 0 0,1 0,-98\"\/>\n      <path class=\"tracker\" d=\"M50,1 a49,49 0 0,1 0,98 a49,49 0 0,1 0,-98\"\/>\n  \t<\/svg>\n         <div class=\"bde-back-to-top__icon-wrap\">\n              <svg xmlns=\"http:\/\/www.w3.org\/2000\/svg\" viewBox=\"0 0 384 512\"><!--! Font Awesome Pro 6.2.0 by @fontawesome - https:\/\/fontawesome.com License - https:\/\/fontawesome.com\/license (Commercial License) Copyright 2022 Fonticons, Inc. --><path d=\"M214.6 57.4L192 34.7 169.4 57.4l-144 144L2.7 224 48 269.2l22.6-22.6L160 157.2V448v32h64V448 157.2l89.4 89.4L336 269.2 381.3 224l-22.6-22.6-144-144z\"\/><\/svg>\n          <\/div>\n    <\/button>\n\n\n<\/div><\/div>\n<\/section>","protected":false},"excerpt":{"rendered":"<p>AVISO LEGAL Informaci\u00f3n General El presente aviso legal da cumplimiento a las estipulaciones recogidas en la Ley 34\/2002, de Servicios de la Sociedad de la Informaci\u00f3n, y de Comercio Electr\u00f3nico, REGLAMENTO (UE) 2016\/679 DEL PARLAMENTO EUROPEO Y DEL CONSEJO de 27 de abril de 2016 y la Ley Org\u00e1nica 3\/2018, de 5 de diciembre, de [&hellip;]<\/p>\n","protected":false},"author":1,"featured_media":0,"parent":0,"menu_order":0,"comment_status":"closed","ping_status":"closed","template":"","meta":{"_seopress_robots_primary_cat":"","_seopress_titles_title":"","_seopress_titles_desc":"Condiciones de uso del sitio web de INTA, incluyendo derechos de propiedad intelectual, responsabilidades y jurisdicci\u00f3n aplicable.","_seopress_robots_index":"s\u00ed","_breakdance_hide_in_design_set":false,"_breakdance_tags":"","footnotes":""},"class_list":["post-4220","page","type-page","status-publish","hentry"],"_links":{"self":[{"href":"https:\/\/inta.ordev.es\/es\/wp-json\/wp\/v2\/pages\/4220","targetHints":{"allow":["GET"]}}],"collection":[{"href":"https:\/\/inta.ordev.es\/es\/wp-json\/wp\/v2\/pages"}],"about":[{"href":"https:\/\/inta.ordev.es\/es\/wp-json\/wp\/v2\/types\/page"}],"author":[{"embeddable":true,"href":"https:\/\/inta.ordev.es\/es\/wp-json\/wp\/v2\/users\/1"}],"replies":[{"embeddable":true,"href":"https:\/\/inta.ordev.es\/es\/wp-json\/wp\/v2\/comments?post=4220"}],"version-history":[{"count":4,"href":"https:\/\/inta.ordev.es\/es\/wp-json\/wp\/v2\/pages\/4220\/revisions"}],"predecessor-version":[{"id":4227,"href":"https:\/\/inta.ordev.es\/es\/wp-json\/wp\/v2\/pages\/4220\/revisions\/4227"}],"wp:attachment":[{"href":"https:\/\/inta.ordev.es\/es\/wp-json\/wp\/v2\/media?parent=4220"}],"curies":[{"name":"wp","href":"https:\/\/api.w.org\/{rel}","templated":true}]}}