{"id":4241,"date":"2025-08-14T08:15:49","date_gmt":"2025-08-14T06:15:49","guid":{"rendered":"https:\/\/inta.ordev.es\/blog\/"},"modified":"2025-11-13T10:00:57","modified_gmt":"2025-11-13T09:00:57","slug":"blog","status":"publish","type":"page","link":"https:\/\/inta.ordev.es\/es\/blog\/","title":{"rendered":"Blog"},"content":{"rendered":"<section class=\"bde-section-4241-100 bde-section\">\n  \n  \n\t\n\n\n\n<div class=\"section-container\"><div class=\"bde-div-4241-101 bde-div\">\n  \n  \n\t\n\n\n\n<div class=\"bde-grid-4241-102 bde-grid\">\n  \n  \n\t\n\n\n\n<div class=\"bde-div-4241-103 bde-div\">\n  \n  \n\t\n\n\n\n<div class=\"bde-div-4241-104 bde-div\">\n  \n  \n\t\n\n\n\n<img decoding=\"async\" class=\"bde-image2-4241-105 bde-image2\" src=\"https:\/\/inta.ordev.es\/wp-content\/uploads\/2025\/10\/Ellipse_8.webp\" alt=\"Fondo circulo verde claro\" loading=\"lazy\" sizes=\"(max-width: 163px) 100vw, 163px\" data-entrance=\"slideLeft\"><div class=\"bde-div-4241-106 bde-div\">\n  \n  \n\t\n\n\n\n<h1 class=\"bde-dual-heading-4241-107 bde-dual-heading\" data-entrance=\"slideLeft\">\n\n\n            <span data-style=\"primary\" class=\"dual-heading--primary  \">\u00daltimas noticias de<\/span>\n\n            <span data-style=\"secondary\" class=\"dual-heading--secondary  js-annotate\">Inta<\/span>\n\n\n\n<\/h1>\n<\/div>\n<\/div>\n<\/div><div class=\"bde-div-4241-108 bde-div\">\n  \n  \n\t\n\n\n\n<h2 class=\"bde-heading-4241-109 bde-heading\" data-entrance=\"slideRight\">\nLas \u00faltimas noticias, innovaciones y eventos que impulsan el futuro del sector.\n<\/h2>\n<\/div>\n<\/div>\n<\/div><\/div>\n<\/section><section class=\"bde-section-4241-110 bde-section\">\n  \n  \n\t\n\n\n\n<div class=\"section-container\"><div class=\"bde-div-4241-111 bde-div\" data-entrance=\"slideUp\">\n  \n  \n\t\n\n\n\n<div class=\"bde-icon-list-4241-112 bde-icon-list\">\n<ul>\n  \n              \n    <li>\n              <div class='bde-icon-list__item-wrapper'>\n      \n      <span class='bde-icon-list__icon' aria-hidden='true'>\n        <svg xmlns=\"http:\/\/www.w3.org\/2000\/svg\" viewBox=\"0 0 512 512\"><!--! Font Awesome Free 6.5.1 by @fontawesome - https:\/\/fontawesome.com License - https:\/\/fontawesome.com\/license\/free (Icons: CC BY 4.0, Fonts: SIL OFL 1.1, Code: MIT License) Copyright 2023 Fonticons, Inc. --><path d=\"M32 96l320 0V32c0-12.9 7.8-24.6 19.8-29.6s25.7-2.2 34.9 6.9l96 96c6 6 9.4 14.1 9.4 22.6s-3.4 16.6-9.4 22.6l-96 96c-9.2 9.2-22.9 11.9-34.9 6.9s-19.8-16.6-19.8-29.6V160L32 160c-17.7 0-32-14.3-32-32s14.3-32 32-32zM480 352c17.7 0 32 14.3 32 32s-14.3 32-32 32H160v64c0 12.9-7.8 24.6-19.8 29.6s-25.7 2.2-34.9-6.9l-96-96c-6-6-9.4-14.1-9.4-22.6s3.4-16.6 9.4-22.6l96-96c9.2-9.2 22.9-11.9 34.9-6.9s19.8 16.6 19.8 29.6l0 64H480z\"\/><\/svg>\n      <\/span>\n      <span class='bde-icon-list__text' >\n      Filtrar por categor\u00edas\n      <\/span>\n              <\/div>\n      \n    <\/li>\n\n  <\/ul>\n\n<\/div><div class=\"bde-post-loop-4241-113 bde-post-loop\">    <div class=\"bde-isotope-filter-bar\">\n        <div class=\"bde-tabs\">\n            \n\n        \n      <select aria-label=\"Content tabs\" class=\"bde-tabs__select js-tab-select\">\n              <option value=\"all\" data-value=\"all\">All<\/option>\n      \n              <option value=\"tab-isotope-1\" data-value=\"44\">\n          Ferias\n        <\/option>\n              <option value=\"tab-isotope-2\" data-value=\"42\">\n          Eventos\n        <\/option>\n          <\/select>\n  \n  \n  <div class=\"bde-tabs__tabslist-container bde-tabs__tabslist-container--dropdown is-vertical js-tabs-container\">\n    <div class=\"bde-tabs__tabslist bde-tabs__tabslist--default js-tablist\" role=\"tablist\" aria-label=\"Content tabs\" aria-orientation=\"vertical\" data-tabs-id=\"isotope\">\n              <button role=\"tab\" aria-selected=\"false\" class=\"bde-tabs__tab js-tab\" aria-controls=\"tab-panel-isotope-all\" id=\"tab-isotope-all\" data-value=\"all\">\n          <span class=\"bde-tabs__tab-title\">All<\/span>\n        <\/button>\n      \n              <button role=\"tab\" aria-selected=\"false\" class=\"bde-tabs__tab js-tab\" aria-controls=\"tab-panel-isotope-1\" id=\"tab-isotope-1\" data-value=\"44\">\n                    <span class=\"bde-tabs__tab-title\">Ferias<\/span>\n        <\/button>\n              <button role=\"tab\" aria-selected=\"false\" class=\"bde-tabs__tab js-tab\" aria-controls=\"tab-panel-isotope-2\" id=\"tab-isotope-2\" data-value=\"42\">\n                    <span class=\"bde-tabs__tab-title\">Eventos<\/span>\n        <\/button>\n          <\/div>\n  <\/div>\n\n\n        <\/div>\n    <\/div>\n<div class=\"bde-loop bde-loop-grid ee-posts ee-posts-grid bde-loop-isotope ee-posts-isotope\">    <div class=\"bde-loop-item ee-post\" data-filters=\"44\">\n        <section class=\"bde-section-1547-100-3535-1547-1 bde-section bde-section-1547-100\">\n  \n  \n\t\n\n\n\n<div class=\"section-container\"><div class=\"bde-div-1547-108-3535-1547-1 bde-div bde-div-1547-108\">\n  \n  \n\t\n\n\n\n<a class=\"bde-container-link-1547-113-3535-1547-1 bde-container-link bde-container-link-1547-113 breakdance-link\" href=\"https:\/\/inta.ordev.es\/es\/expo-agroalimentaria-guanajuato-2025\/\" target=\"_self\" data-type=\"url\">\n  \n  \n\t\n\n\n\n<img decoding=\"async\" class=\"bde-image2-1547-101-3535-1547-1 bde-image2 bde-image2-1547-101\" src=\"https:\/\/inta.ordev.es\/wp-content\/uploads\/2025\/10\/expo-agroalimentaria-guanajuato.webp\" loading=\"lazy\" srcset=\"https:\/\/inta.ordev.es\/wp-content\/uploads\/2025\/10\/expo-agroalimentaria-guanajuato.webp 2560w, https:\/\/inta.ordev.es\/wp-content\/uploads\/2025\/10\/expo-agroalimentaria-guanajuato-300x173.webp 300w, https:\/\/inta.ordev.es\/wp-content\/uploads\/2025\/10\/expo-agroalimentaria-guanajuato-1024x592.webp 1024w, https:\/\/inta.ordev.es\/wp-content\/uploads\/2025\/10\/expo-agroalimentaria-guanajuato-768x444.webp 768w, https:\/\/inta.ordev.es\/wp-content\/uploads\/2025\/10\/expo-agroalimentaria-guanajuato-1536x887.webp 1536w, https:\/\/inta.ordev.es\/wp-content\/uploads\/2025\/10\/expo-agroalimentaria-guanajuato-2048x1183.webp 2048w\" sizes=\"(max-width: 2560px) 100vw, 2560px\">\n\n<\/a><div class=\"bde-div-1547-111-3535-1547-1 bde-div bde-div-1547-111\">\n  \n  \n\t\n\n\n\n<div class=\"bde-text-1547-110-3535-1547-1 bde-text bde-text-1547-110\">\nFerias\n<\/div>\n<\/div>\n<\/div><div class=\"bde-div-1547-107-3535-1547-1 bde-div bde-div-1547-107\">\n  \n  \n\t\n\n\n\n<a class=\"bde-container-link-1547-112-3535-1547-1 bde-container-link bde-container-link-1547-112 breakdance-link\" href=\"https:\/\/inta.ordev.es\/es\/expo-agroalimentaria-guanajuato-2025\/\" target=\"_self\" data-type=\"url\">\n  \n  \n\t\n\n\n\n<h3 class=\"bde-heading-1547-102-3535-1547-1 bde-heading bde-heading-1547-102\">\nExpo AgroAlimentaria...\n<\/h3>\n\n<\/a><div class=\"bde-text-1547-103-3535-1547-1 bde-text bde-text-1547-103\">\nEntre el 11 y el 14 de noviembre de 2025, Irapuato (Guanajuato, M\u00e9xico) se convertir\u00e1 nuevamente en el epicentro de la i...\n<\/div><div class=\"bde-div-1547-106-3535-1547-1 bde-div bde-div-1547-106\">\n  \n  \n\t\n\n\n\n<div class=\"bde-icon-1547-105-3535-1547-1 bde-icon bde-icon-1547-105\">\n\n    \n                    \n            \n            \n\n    \n    \n    \n    \n    \n    <a class=\"breakdance-link bde-icon-icon breakdance-icon-atom\" href=\"https:\/\/inta.ordev.es\/es\/expo-agroalimentaria-guanajuato-2025\/\" target=\"_self\" data-type=\"url\"  >\n\n    \n                    <svg xmlns=\"http:\/\/www.w3.org\/2000\/svg\" viewBox=\"0 0 448 512\"><!--! Font Awesome Free 6.5.1 by @fontawesome - https:\/\/fontawesome.com License - https:\/\/fontawesome.com\/license\/free (Icons: CC BY 4.0, Fonts: SIL OFL 1.1, Code: MIT License) Copyright 2023 Fonticons, Inc. --><path d=\"M256 80c0-17.7-14.3-32-32-32s-32 14.3-32 32V224H48c-17.7 0-32 14.3-32 32s14.3 32 32 32H192V432c0 17.7 14.3 32 32 32s32-14.3 32-32V288H400c17.7 0 32-14.3 32-32s-14.3-32-32-32H256V80z\"\/><\/svg>\n        \n        \n        \n                <\/a>\n\n    \n\n\n<\/div><div class=\"bde-text-1547-104-3535-1547-1 bde-text bde-text-1547-104\">\n13 de noviembre de 2025\n<\/div>\n<\/div>\n<\/div><\/div>\n<\/section>    <\/div>\n    <div class=\"bde-loop-item ee-post\" data-filters=\"42\">\n        <section class=\"bde-section-1547-100-4277-1547-1 bde-section bde-section-1547-100\">\n  \n  \n\t\n\n\n\n<div class=\"section-container\"><div class=\"bde-div-1547-108-4277-1547-1 bde-div bde-div-1547-108\">\n  \n  \n\t\n\n\n\n<a class=\"bde-container-link-1547-113-4277-1547-1 bde-container-link bde-container-link-1547-113 breakdance-link\" href=\"https:\/\/inta.ordev.es\/es\/greenhouse-automation-systems\/\" target=\"_self\" data-type=\"url\">\n  \n  \n\t\n\n\n\n<img decoding=\"async\" class=\"bde-image2-1547-101-4277-1547-1 bde-image2 bde-image2-1547-101\" src=\"https:\/\/inta.ordev.es\/wp-content\/uploads\/2025\/10\/AUXPROTEC-3.webp\" alt=\"AUXPROTEC\" loading=\"lazy\" srcset=\"https:\/\/inta.ordev.es\/wp-content\/uploads\/2025\/10\/AUXPROTEC-3.webp 1024w, https:\/\/inta.ordev.es\/wp-content\/uploads\/2025\/10\/AUXPROTEC-3-300x225.webp 300w, https:\/\/inta.ordev.es\/wp-content\/uploads\/2025\/10\/AUXPROTEC-3-768x576.webp 768w\" sizes=\"(max-width: 1024px) 100vw, 1024px\">\n\n<\/a><div class=\"bde-div-1547-111-4277-1547-1 bde-div bde-div-1547-111\">\n  \n  \n\t\n\n\n\n<div class=\"bde-text-1547-110-4277-1547-1 bde-text bde-text-1547-110\">\nEventos\n<\/div>\n<\/div>\n<\/div><div class=\"bde-div-1547-107-4277-1547-1 bde-div bde-div-1547-107\">\n  \n  \n\t\n\n\n\n<a class=\"bde-container-link-1547-112-4277-1547-1 bde-container-link bde-container-link-1547-112 breakdance-link\" href=\"https:\/\/inta.ordev.es\/es\/greenhouse-automation-systems\/\" target=\"_self\" data-type=\"url\">\n  \n  \n\t\n\n\n\n<h3 class=\"bde-heading-1547-102-4277-1547-1 bde-heading bde-heading-1547-102\">\nGreenhouse Automatio...\n<\/h3>\n\n<\/a><div class=\"bde-text-1547-103-4277-1547-1 bde-text bde-text-1547-103\">\nLa agricultura moderna exige cada vez m\u00e1s eficiencia, precisi\u00f3n y sostenibilidad. En este contexto, los greenhouse autom...\n<\/div><div class=\"bde-div-1547-106-4277-1547-1 bde-div bde-div-1547-106\">\n  \n  \n\t\n\n\n\n<div class=\"bde-icon-1547-105-4277-1547-1 bde-icon bde-icon-1547-105\">\n\n    \n                    \n            \n            \n\n    \n    \n    \n    \n    \n    <a class=\"breakdance-link bde-icon-icon breakdance-icon-atom\" href=\"https:\/\/inta.ordev.es\/es\/greenhouse-automation-systems\/\" target=\"_self\" data-type=\"url\"  >\n\n    \n                    <svg xmlns=\"http:\/\/www.w3.org\/2000\/svg\" viewBox=\"0 0 448 512\"><!--! Font Awesome Free 6.5.1 by @fontawesome - https:\/\/fontawesome.com License - https:\/\/fontawesome.com\/license\/free (Icons: CC BY 4.0, Fonts: SIL OFL 1.1, Code: MIT License) Copyright 2023 Fonticons, Inc. --><path d=\"M256 80c0-17.7-14.3-32-32-32s-32 14.3-32 32V224H48c-17.7 0-32 14.3-32 32s14.3 32 32 32H192V432c0 17.7 14.3 32 32 32s32-14.3 32-32V288H400c17.7 0 32-14.3 32-32s-14.3-32-32-32H256V80z\"\/><\/svg>\n        \n        \n        \n                <\/a>\n\n    \n\n\n<\/div><div class=\"bde-text-1547-104-4277-1547-1 bde-text bde-text-1547-104\">\n13 de noviembre de 2025\n<\/div>\n<\/div>\n<\/div><\/div>\n<\/section>    <\/div>\n<div class=\"bde-loop-item-gutter ee-post-gutter\"><\/div><div class=\"bde-loop-item-sizer ee-post-sizer\"><\/div><\/div>\r\n<\/div>\n<\/div><div class=\"bde-back-to-top-4241-114 bde-back-to-top bde-back-to-top--progress is-sticky\">\n\n\n<button aria-label=\"Back to top\" tabindex=\"0\" class=\"bde-back-to-top__button bde-back-to-top__button--progress bde-back-to-top__button--show-always bde-back-to-top__button--animation-fade is-sticky bde-back-to-top__button--autohide js-ee-back-to-top\">\n    \t<svg class=\"bde-back-to-top__progress-svg js-progress-svg\" width=\"100%\" height=\"100%\" viewBox=\"-1 -1 102 102\">\n\t  <path class=\"background\" d=\"M50,1 a49,49 0 0,1 0,98 a49,49 0 0,1 0,-98\"\/>\n      <path class=\"tracker\" d=\"M50,1 a49,49 0 0,1 0,98 a49,49 0 0,1 0,-98\"\/>\n  \t<\/svg>\n         <div class=\"bde-back-to-top__icon-wrap\">\n              <svg xmlns=\"http:\/\/www.w3.org\/2000\/svg\" viewBox=\"0 0 384 512\"><!--! Font Awesome Pro 6.2.0 by @fontawesome - https:\/\/fontawesome.com License - https:\/\/fontawesome.com\/license (Commercial License) Copyright 2022 Fonticons, Inc. --><path d=\"M214.6 57.4L192 34.7 169.4 57.4l-144 144L2.7 224 48 269.2l22.6-22.6L160 157.2V448v32h64V448 157.2l89.4 89.4L336 269.2 381.3 224l-22.6-22.6-144-144z\"\/><\/svg>\n          <\/div>\n    <\/button>\n\n\n<\/div><\/div>\n<\/section>","protected":false},"excerpt":{"rendered":"<p>\u00daltimas noticias de Inta Las \u00faltimas noticias, innovaciones y eventos que impulsan el futuro del sector. Filtrar por categor\u00edas All Ferias Eventos All Ferias Eventos Ferias Expo AgroAlimentaria&#8230; Entre el 11 y el 14 de noviembre de 2025, Irapuato (Guanajuato, M\u00e9xico) se convertir\u00e1 nuevamente en el epicentro de la i&#8230; 13 de noviembre de 2025 [&hellip;]<\/p>\n","protected":false},"author":1,"featured_media":0,"parent":0,"menu_order":0,"comment_status":"closed","ping_status":"closed","template":"","meta":{"_seopress_robots_primary_cat":"","_seopress_titles_title":"","_seopress_titles_desc":"Lee art\u00edculos, noticias y casos de \u00e9xito sobre innovaci\u00f3n agr\u00edcola, control clim\u00e1tico y sostenibilidad en el blog de INTA.","_seopress_robots_index":"","_breakdance_hide_in_design_set":false,"_breakdance_tags":"","footnotes":""},"class_list":["post-4241","page","type-page","status-publish","hentry"],"_links":{"self":[{"href":"https:\/\/inta.ordev.es\/es\/wp-json\/wp\/v2\/pages\/4241","targetHints":{"allow":["GET"]}}],"collection":[{"href":"https:\/\/inta.ordev.es\/es\/wp-json\/wp\/v2\/pages"}],"about":[{"href":"https:\/\/inta.ordev.es\/es\/wp-json\/wp\/v2\/types\/page"}],"author":[{"embeddable":true,"href":"https:\/\/inta.ordev.es\/es\/wp-json\/wp\/v2\/users\/1"}],"replies":[{"embeddable":true,"href":"https:\/\/inta.ordev.es\/es\/wp-json\/wp\/v2\/comments?post=4241"}],"version-history":[{"count":3,"href":"https:\/\/inta.ordev.es\/es\/wp-json\/wp\/v2\/pages\/4241\/revisions"}],"predecessor-version":[{"id":4244,"href":"https:\/\/inta.ordev.es\/es\/wp-json\/wp\/v2\/pages\/4241\/revisions\/4244"}],"wp:attachment":[{"href":"https:\/\/inta.ordev.es\/es\/wp-json\/wp\/v2\/media?parent=4241"}],"curies":[{"name":"wp","href":"https:\/\/api.w.org\/{rel}","templated":true}]}}