{"id":4346,"date":"2025-08-26T14:47:00","date_gmt":"2025-08-26T12:47:00","guid":{"rendered":"https:\/\/inta.ordev.es\/hakkimizda\/"},"modified":"2026-01-09T13:14:54","modified_gmt":"2026-01-09T12:14:54","slug":"hakkimizda","status":"publish","type":"page","link":"https:\/\/inta.ordev.es\/tr\/hakkimizda\/","title":{"rendered":"Hakk\u0131m\u0131zda"},"content":{"rendered":"","protected":false},"excerpt":{"rendered":"","protected":false},"author":1,"featured_media":0,"parent":0,"menu_order":0,"comment_status":"closed","ping_status":"closed","template":"","meta":{"_seopress_robots_primary_cat":"","_seopress_titles_title":"","_seopress_titles_desc":"INTA, 1989'dan beri her \u00fcr\u00fcne uyarlanm\u0131\u015f \u00e7\u00f6z\u00fcmler ve ki\u015fiselle\u015ftirilmi\u015f destek ile iklim kontrol\u00fc ve sulama teknolojisi geli\u015ftirmektedir.","_seopress_robots_index":"","_breakdance_hide_in_design_set":false,"_breakdance_tags":"","footnotes":""},"class_list":["post-4346","page","type-page","status-publish","hentry"],"_links":{"self":[{"href":"https:\/\/inta.ordev.es\/tr\/wp-json\/wp\/v2\/pages\/4346","targetHints":{"allow":["GET"]}}],"collection":[{"href":"https:\/\/inta.ordev.es\/tr\/wp-json\/wp\/v2\/pages"}],"about":[{"href":"https:\/\/inta.ordev.es\/tr\/wp-json\/wp\/v2\/types\/page"}],"author":[{"embeddable":true,"href":"https:\/\/inta.ordev.es\/tr\/wp-json\/wp\/v2\/users\/1"}],"replies":[{"embeddable":true,"href":"https:\/\/inta.ordev.es\/tr\/wp-json\/wp\/v2\/comments?post=4346"}],"version-history":[{"count":1,"href":"https:\/\/inta.ordev.es\/tr\/wp-json\/wp\/v2\/pages\/4346\/revisions"}],"predecessor-version":[{"id":4354,"href":"https:\/\/inta.ordev.es\/tr\/wp-json\/wp\/v2\/pages\/4346\/revisions\/4354"}],"wp:attachment":[{"href":"https:\/\/inta.ordev.es\/tr\/wp-json\/wp\/v2\/media?parent=4346"}],"curies":[{"name":"wp","href":"https:\/\/api.w.org\/{rel}","templated":true}]}}